{"id":1453,"date":"2023-12-01T05:03:10","date_gmt":"2023-12-01T08:03:10","guid":{"rendered":"https:\/\/connectingtalent.co\/ct\/?page_id=1453"},"modified":"2023-12-14T11:59:50","modified_gmt":"2023-12-14T14:59:50","slug":"contact","status":"publish","type":"page","link":"https:\/\/connectingtalent.co\/ct\/contact\/","title":{"rendered":"Contact"},"content":{"rendered":"\t\t<div data-elementor-type=\"wp-page\" data-elementor-id=\"1453\" class=\"elementor elementor-1453\">\n\t\t\t\t\t\t<section class=\"elementor-section elementor-top-section elementor-element elementor-element-46ebe36 elementor-section-height-min-height elementor-section-boxed elementor-section-height-default elementor-section-items-middle\" data-id=\"46ebe36\" data-element_type=\"section\" data-settings=\"{&quot;background_background&quot;:&quot;classic&quot;}\">\n\t\t\t\t\t\t\t<div class=\"elementor-background-overlay\"><\/div>\n\t\t\t\t\t\t\t<div class=\"elementor-container elementor-column-gap-default\">\n\t\t\t\t\t<div class=\"elementor-column elementor-col-100 elementor-top-column elementor-element elementor-element-9d4e4ae\" data-id=\"9d4e4ae\" data-element_type=\"column\">\n\t\t\t<div class=\"elementor-widget-wrap\">\n\t\t\t\t\t\t\t<\/div>\n\t\t<\/div>\n\t\t\t\t\t<\/div>\n\t\t<\/section>\n\t\t\t\t<section class=\"elementor-section elementor-top-section elementor-element elementor-element-ebb4167 elementor-section-boxed elementor-section-height-default elementor-section-height-default\" data-id=\"ebb4167\" data-element_type=\"section\" data-settings=\"{&quot;background_background&quot;:&quot;classic&quot;}\">\n\t\t\t\t\t\t<div class=\"elementor-container elementor-column-gap-default\">\n\t\t\t\t\t<div class=\"elementor-column elementor-col-50 elementor-top-column elementor-element elementor-element-9e220ba\" data-id=\"9e220ba\" data-element_type=\"column\">\n\t\t\t<div class=\"elementor-widget-wrap elementor-element-populated\">\n\t\t\t\t\t\t<div class=\"elementor-element elementor-element-47f1c94 elementor-invisible elementor-widget elementor-widget-eael-feature-list\" data-id=\"47f1c94\" data-element_type=\"widget\" data-settings=\"{&quot;_animation&quot;:&quot;fadeInRight&quot;}\" data-widget_type=\"eael-feature-list.default\">\n\t\t\t\t<div class=\"elementor-widget-container\">\n\t\t\t\t\t\t\t<div class=\"-icon-position-left -tablet-icon-position-left -mobile-icon-position-left\">\n\t\t\t<ul id=\"eael-feature-list-47f1c94\" class=\"eael-feature-list-items square stacked  eael-feature-list-vertical\">\n\t\t\t                <li class=\"eael-feature-list-item elementor-repeater-item-a7fef8f\">\n                    \n\t\t\t\t\t\t<div class=\"eael-feature-list-icon-box\">\n\t\t\t\t\t\t\t<div class=\"eael-feature-list-icon-inner\">\n\n\t\t\t\t\t\t\t\t<a class=\"eael-feature-list-icon fl-icon-0\"href=\"https:\/\/wa.me\/5493515123645\">\n\n\t\t<i aria-hidden=\"true\" class=\"fab fa-whatsapp-square\"><\/i>\t\t\t\t\t\t\t\t<\/a>\n\t\t\t\t\t\t\t<\/div>\n\t\t\t\t\t\t<\/div>\n\t\t\t\t\t\t<div class=\"eael-feature-list-content-box\">\n                            <h2 class=\"eael-feature-list-title\"><a href=\"https:\/\/wa.me\/5493515123645\">+54 9 351 5123645<\/a><\/h2>\t\t\t\t\t\t<p class=\"eael-feature-list-content\">Contactanos por Whatsapp<\/p>\n\t\t\t\t\t\t<\/div>\n\n\t\t\t\t\t<\/li>\n\t\t\t\t                <li class=\"eael-feature-list-item elementor-repeater-item-4cd5d42\">\n                    \n\t\t\t\t\t\t<div class=\"eael-feature-list-icon-box\">\n\t\t\t\t\t\t\t<div class=\"eael-feature-list-icon-inner\">\n\n\t\t\t\t\t\t\t\t<a class=\"eael-feature-list-icon fl-icon-1\"href=\"https:\/\/wa.me\/5493513552009\">\n\n\t\t<i aria-hidden=\"true\" class=\"fab fa-whatsapp-square\"><\/i>\t\t\t\t\t\t\t\t<\/a>\n\t\t\t\t\t\t\t<\/div>\n\t\t\t\t\t\t<\/div>\n\t\t\t\t\t\t<div class=\"eael-feature-list-content-box\">\n                            <h2 class=\"eael-feature-list-title\"><a href=\"https:\/\/wa.me\/5493513552009\">+54 9 351 3552009<\/a><\/h2>\t\t\t\t\t\t<p class=\"eael-feature-list-content\">Contactanos por Whatsapp<\/p>\n\t\t\t\t\t\t<\/div>\n\n\t\t\t\t\t<\/li>\n\t\t\t\t                <li class=\"eael-feature-list-item elementor-repeater-item-46e1814\">\n                    \n\t\t\t\t\t\t<div class=\"eael-feature-list-icon-box\">\n\t\t\t\t\t\t\t<div class=\"eael-feature-list-icon-inner\">\n\n\t\t\t\t\t\t\t\t<span class=\"eael-feature-list-icon fl-icon-2\">\n\n\t\t<i aria-hidden=\"true\" class=\"far fa-envelope\"><\/i>\t\t\t\t\t\t\t\t<\/span>\n\t\t\t\t\t\t\t<\/div>\n\t\t\t\t\t\t<\/div>\n\t\t\t\t\t\t<div class=\"eael-feature-list-content-box\">\n                            <h2 class=\"eael-feature-list-title\">rrhh@connectingtalent.co<\/h2>\t\t\t\t\t\t<p class=\"eael-feature-list-content\">Puedes enviarnos un e-mail<\/p>\n\t\t\t\t\t\t<\/div>\n\n\t\t\t\t\t<\/li>\n\t\t\t\t                <li class=\"eael-feature-list-item elementor-repeater-item-b7231aa\">\n                    \n\t\t\t\t\t\t<div class=\"eael-feature-list-icon-box\">\n\t\t\t\t\t\t\t<div class=\"eael-feature-list-icon-inner\">\n\n\t\t\t\t\t\t\t\t<a class=\"eael-feature-list-icon fl-icon-3\"href=\"https:\/\/www.linkedin.com\/company\/connecting-talent-argentina\/\" target=\"_blank\">\n\n\t\t<i aria-hidden=\"true\" class=\"fab fa-linkedin\"><\/i>\t\t\t\t\t\t\t\t<\/a>\n\t\t\t\t\t\t\t<\/div>\n\t\t\t\t\t\t<\/div>\n\t\t\t\t\t\t<div class=\"eael-feature-list-content-box\">\n                            <h2 class=\"eael-feature-list-title\"><a href=\"https:\/\/www.linkedin.com\/company\/connecting-talent-argentina\/\" target=\"_blank\">LinkedIN<\/a><\/h2>\t\t\t\t\t\t<p class=\"eael-feature-list-content\">Tambi\u00e9n estamos por ac\u00e1<\/p>\n\t\t\t\t\t\t<\/div>\n\n\t\t\t\t\t<\/li>\n\t\t\t\t\t\t\t<\/ul>\n\t\t<\/div>\n\t\t\t\t\t\t<\/div>\n\t\t\t\t<\/div>\n\t\t\t\t\t<\/div>\n\t\t<\/div>\n\t\t\t\t<div class=\"elementor-column elementor-col-50 elementor-top-column elementor-element elementor-element-9d3735d\" data-id=\"9d3735d\" data-element_type=\"column\">\n\t\t\t<div class=\"elementor-widget-wrap elementor-element-populated\">\n\t\t\t\t\t\t<div class=\"elementor-element elementor-element-07611bd animated-slow eael-contact-form-7-button-align-left eael-contact-form-7-button-custom elementor-invisible elementor-widget elementor-widget-eael-contact-form-7\" data-id=\"07611bd\" data-element_type=\"widget\" data-settings=\"{&quot;_animation&quot;:&quot;fadeInLeft&quot;}\" data-widget_type=\"eael-contact-form-7.default\">\n\t\t\t\t<div class=\"elementor-widget-container\">\n\t\t\t\t\t<div class=\"eael-contact-form-7-wrapper\">\n                <div class=\"eael-contact-form eael-contact-form-7 eael-contact-form-07611bd placeholder-show eael-contact-form-align-center\">\n<div class=\"wpcf7 no-js\" id=\"wpcf7-f554-o1\" lang=\"es-ES\" dir=\"ltr\" data-wpcf7-id=\"554\">\n<div class=\"screen-reader-response\"><p role=\"status\" aria-live=\"polite\" aria-atomic=\"true\"><\/p> <ul><\/ul><\/div>\n<form action=\"\/ct\/wp-json\/wp\/v2\/pages\/1453#wpcf7-f554-o1\" method=\"post\" class=\"wpcf7-form init\" aria-label=\"Formulario de contacto\" novalidate=\"novalidate\" data-status=\"init\">\n<div style=\"display: none;\">\n<input type=\"hidden\" name=\"_wpcf7\" value=\"554\" \/>\n<input type=\"hidden\" name=\"_wpcf7_version\" value=\"6.0.6\" \/>\n<input type=\"hidden\" name=\"_wpcf7_locale\" value=\"es_ES\" \/>\n<input type=\"hidden\" name=\"_wpcf7_unit_tag\" value=\"wpcf7-f554-o1\" \/>\n<input type=\"hidden\" name=\"_wpcf7_container_post\" value=\"0\" \/>\n<input type=\"hidden\" name=\"_wpcf7_posted_data_hash\" value=\"\" \/>\n<input type=\"hidden\" name=\"_wpcf7cf_hidden_group_fields\" value=\"[]\" \/>\n<input type=\"hidden\" name=\"_wpcf7cf_hidden_groups\" value=\"[]\" \/>\n<input type=\"hidden\" name=\"_wpcf7cf_visible_groups\" value=\"[]\" \/>\n<input type=\"hidden\" name=\"_wpcf7cf_repeaters\" value=\"[]\" \/>\n<input type=\"hidden\" name=\"_wpcf7cf_steps\" value=\"{}\" \/>\n<input type=\"hidden\" name=\"_wpcf7cf_options\" value=\"{&quot;form_id&quot;:554,&quot;conditions&quot;:[{&quot;then_field&quot;:&quot;empresa&quot;,&quot;and_rules&quot;:[{&quot;if_field&quot;:&quot;menu-soy&quot;,&quot;operator&quot;:&quot;equals&quot;,&quot;if_value&quot;:&quot;Empresa \\\/ Emprendimiento&quot;}]},{&quot;then_field&quot;:&quot;candidato&quot;,&quot;and_rules&quot;:[{&quot;if_field&quot;:&quot;menu-soy&quot;,&quot;operator&quot;:&quot;equals&quot;,&quot;if_value&quot;:&quot;Candidato (b\\u00fasqueda laboral)&quot;}]}],&quot;settings&quot;:{&quot;animation&quot;:&quot;yes&quot;,&quot;animation_intime&quot;:200,&quot;animation_outtime&quot;:200,&quot;conditions_ui&quot;:&quot;normal&quot;,&quot;notice_dismissed&quot;:false,&quot;notice_dismissed_rollback-cf7-5.4.1&quot;:true,&quot;notice_dismissed_rollback-cf7-5.8&quot;:true,&quot;notice_dismissed_rollback-cf7-5.8.3&quot;:true,&quot;notice_dismissed_rollback-cf7-5.8.6&quot;:true,&quot;notice_dismissed_rollback-cf7-5.9.3&quot;:true}}\" \/>\n<\/div>\n<p><label> Servicio de Inter\u00e9s<br \/>\n<span class=\"wpcf7-form-control-wrap\" data-name=\"menu-239\"><select class=\"wpcf7-form-control wpcf7-select wpcf7-validates-as-required\" aria-required=\"true\" aria-invalid=\"false\" name=\"menu-239\"><option value=\"\">&#8212;Por favor, elige una opci\u00f3n&#8212;<\/option><option value=\"Gesti\u00f3n integral de RRHH\">Gesti\u00f3n integral de RRHH<\/option><option value=\"B\u00fasquedas\">B\u00fasquedas<\/option><option value=\"Herramientas de desarrollo\">Herramientas de desarrollo<\/option><option value=\"Wellness\">Wellness<\/option><option value=\"Otros\">Otros<\/option><\/select><\/span><\/label>\n<\/p>\n<p><label> Soy:<br \/>\n<span class=\"wpcf7-form-control-wrap\" data-name=\"menu-soy\"><select class=\"wpcf7-form-control wpcf7-select wpcf7-validates-as-required\" aria-required=\"true\" aria-invalid=\"false\" name=\"menu-soy\"><option value=\"\">&#8212;Por favor, elige una opci\u00f3n&#8212;<\/option><option value=\"Empresa \/ Emprendimiento\">Empresa \/ Emprendimiento<\/option><option value=\"Candidato (b\u00fasqueda laboral)\">Candidato (b\u00fasqueda laboral)<\/option><\/select><\/span><\/label>\n<\/p>\n<div data-id=\"empresa\" data-orig_data_id=\"empresa\"  class=\"\" data-class=\"wpcf7cf_group\">\n\t<p><label> Nombre de la Empresa:<br \/>\n<span class=\"wpcf7-form-control-wrap\" data-name=\"empresa\"><input size=\"40\" maxlength=\"400\" class=\"wpcf7-form-control wpcf7-text wpcf7-validates-as-required\" aria-required=\"true\" aria-invalid=\"false\" value=\"\" type=\"text\" name=\"empresa\" \/><\/span><\/label>\n\t<\/p>\n<\/div>\n<div data-id=\"candidato\" data-orig_data_id=\"candidato\"  class=\"\" data-class=\"wpcf7cf_group\">\n\t<p><label> Nombre y Apellido<br \/>\n<span class=\"wpcf7-form-control-wrap\" data-name=\"your-name\"><input size=\"40\" maxlength=\"400\" class=\"wpcf7-form-control wpcf7-text wpcf7-validates-as-required\" aria-required=\"true\" aria-invalid=\"false\" value=\"\" type=\"text\" name=\"your-name\" \/><\/span> <\/label>\n\t<\/p>\n<\/div>\n<p><label> Correo Electr\u00f3nico<br \/>\n<span class=\"wpcf7-form-control-wrap\" data-name=\"your-email\"><input size=\"40\" maxlength=\"400\" class=\"wpcf7-form-control wpcf7-email wpcf7-validates-as-required wpcf7-text wpcf7-validates-as-email\" aria-required=\"true\" aria-invalid=\"false\" value=\"\" type=\"email\" name=\"your-email\" \/><\/span> <\/label>\n<\/p>\n<p><label> Tel\u00e9fono<br \/>\n<span class=\"wpcf7-form-control-wrap\" data-name=\"tel-186\"><input size=\"40\" maxlength=\"400\" class=\"wpcf7-form-control wpcf7-tel wpcf7-validates-as-required wpcf7-text wpcf7-validates-as-tel\" aria-required=\"true\" aria-invalid=\"false\" value=\"\" type=\"tel\" name=\"tel-186\" \/><\/span> <\/label>\n<\/p>\n<p><label> Provincia \/ Pais<br \/>\n<span class=\"wpcf7-form-control-wrap\" data-name=\"pais\"><input size=\"40\" maxlength=\"400\" class=\"wpcf7-form-control wpcf7-text wpcf7-validates-as-required\" aria-required=\"true\" aria-invalid=\"false\" value=\"\" type=\"text\" name=\"pais\" \/><\/span><\/label>\n<\/p>\n<p><label> Comentarios (opcional)<br \/>\n<span class=\"wpcf7-form-control-wrap\" data-name=\"your-message\"><textarea cols=\"40\" rows=\"10\" maxlength=\"2000\" class=\"wpcf7-form-control wpcf7-textarea\" aria-invalid=\"false\" name=\"your-message\"><\/textarea><\/span> <\/label>\n<\/p>\n<p><input class=\"wpcf7-form-control wpcf7-submit has-spinner\" type=\"submit\" value=\"Enviar\" \/>\n<\/p><div class=\"wpcf7-response-output\" aria-hidden=\"true\"><\/div>\n<\/form>\n<\/div>\n<\/div>\n            <\/div>\t\t\t\t<\/div>\n\t\t\t\t<\/div>\n\t\t\t\t\t<\/div>\n\t\t<\/div>\n\t\t\t\t\t<\/div>\n\t\t<\/section>\n\t\t\t\t<\/div>\n\t\t","protected":false},"excerpt":{"rendered":"<p>+54 9 351 5123645 Contactanos por Whatsapp +54 9 351 3552009 Contactanos por Whatsapp rrhh@connectingtalent.co Puedes enviarnos un e-mail LinkedIN Tambi\u00e9n estamos por ac\u00e1 Servicio de Inter\u00e9s &#8212;Por favor, elige una opci\u00f3n&#8212;Gesti\u00f3n integral de RRHHB\u00fasquedasHerramientas de desarrolloWellnessOtros Soy: &#8212;Por favor, elige una opci\u00f3n&#8212;Empresa \/ EmprendimientoCandidato (b\u00fasqueda laboral) Nombre de la Empresa: Nombre y Apellido Correo&#8230;<\/p>\n","protected":false},"author":2,"featured_media":0,"parent":0,"menu_order":0,"comment_status":"closed","ping_status":"closed","template":"","meta":{"_kad_post_transparent":"","_kad_post_title":"hide","_kad_post_layout":"fullwidth","_kad_post_sidebar_id":"","_kad_post_content_style":"unboxed","_kad_post_vertical_padding":"hide","_kad_post_feature":"hide","_kad_post_feature_position":"","_kad_post_header":false,"_kad_post_footer":false,"footnotes":""},"class_list":["post-1453","page","type-page","status-publish","hentry"],"yoast_head":"<!-- This site is optimized with the Yoast SEO plugin v25.3.1 - https:\/\/yoast.com\/wordpress\/plugins\/seo\/ -->\n<title>Contact - Connecting Talent<\/title>\n<meta name=\"robots\" content=\"index, follow, max-snippet:-1, max-image-preview:large, max-video-preview:-1\" \/>\n<link rel=\"canonical\" href=\"https:\/\/connectingtalent.co\/ct\/contact\/\" \/>\n<meta property=\"og:locale\" content=\"es_ES\" \/>\n<meta property=\"og:type\" content=\"article\" \/>\n<meta property=\"og:title\" content=\"Contact - Connecting Talent\" \/>\n<meta property=\"og:description\" content=\"+54 9 351 5123645 Contactanos por Whatsapp +54 9 351 3552009 Contactanos por Whatsapp rrhh@connectingtalent.co Puedes enviarnos un e-mail LinkedIN Tambi\u00e9n estamos por ac\u00e1 Servicio de Inter\u00e9s &#8212;Por favor, elige una opci\u00f3n&#8212;Gesti\u00f3n integral de RRHHB\u00fasquedasHerramientas de desarrolloWellnessOtros Soy: &#8212;Por favor, elige una opci\u00f3n&#8212;Empresa \/ EmprendimientoCandidato (b\u00fasqueda laboral) Nombre de la Empresa: Nombre y Apellido Correo...\" \/>\n<meta property=\"og:url\" content=\"https:\/\/connectingtalent.co\/ct\/contact\/\" \/>\n<meta property=\"og:site_name\" content=\"Connecting Talent\" \/>\n<meta property=\"article:modified_time\" content=\"2023-12-14T14:59:50+00:00\" \/>\n<meta name=\"twitter:card\" content=\"summary_large_image\" \/>\n<meta name=\"twitter:label1\" content=\"Tiempo de lectura\" \/>\n\t<meta name=\"twitter:data1\" content=\"1 minuto\" \/>\n<script type=\"application\/ld+json\" class=\"yoast-schema-graph\">{\"@context\":\"https:\/\/schema.org\",\"@graph\":[{\"@type\":\"WebPage\",\"@id\":\"https:\/\/connectingtalent.co\/ct\/contact\/\",\"url\":\"https:\/\/connectingtalent.co\/ct\/contact\/\",\"name\":\"Contact - Connecting Talent\",\"isPartOf\":{\"@id\":\"https:\/\/connectingtalent.co\/ct\/#website\"},\"datePublished\":\"2023-12-01T08:03:10+00:00\",\"dateModified\":\"2023-12-14T14:59:50+00:00\",\"inLanguage\":\"es\",\"potentialAction\":[{\"@type\":\"ReadAction\",\"target\":[\"https:\/\/connectingtalent.co\/ct\/contact\/\"]}]},{\"@type\":\"WebSite\",\"@id\":\"https:\/\/connectingtalent.co\/ct\/#website\",\"url\":\"https:\/\/connectingtalent.co\/ct\/\",\"name\":\"Connecting Talent\",\"description\":\"Te estamos buscando\",\"publisher\":{\"@id\":\"https:\/\/connectingtalent.co\/ct\/#organization\"},\"potentialAction\":[{\"@type\":\"SearchAction\",\"target\":{\"@type\":\"EntryPoint\",\"urlTemplate\":\"https:\/\/connectingtalent.co\/ct\/?s={search_term_string}\"},\"query-input\":{\"@type\":\"PropertyValueSpecification\",\"valueRequired\":true,\"valueName\":\"search_term_string\"}}],\"inLanguage\":\"es\"},{\"@type\":\"Organization\",\"@id\":\"https:\/\/connectingtalent.co\/ct\/#organization\",\"name\":\"Connecting Talent\",\"url\":\"https:\/\/connectingtalent.co\/ct\/\",\"logo\":{\"@type\":\"ImageObject\",\"inLanguage\":\"es\",\"@id\":\"https:\/\/connectingtalent.co\/ct\/#\/schema\/logo\/image\/\",\"url\":\"https:\/\/connectingtalent.co\/ct\/wp-content\/uploads\/2021\/03\/logo-02-png.png\",\"contentUrl\":\"https:\/\/connectingtalent.co\/ct\/wp-content\/uploads\/2021\/03\/logo-02-png.png\",\"width\":1184,\"height\":448,\"caption\":\"Connecting Talent\"},\"image\":{\"@id\":\"https:\/\/connectingtalent.co\/ct\/#\/schema\/logo\/image\/\"},\"sameAs\":[\"https:\/\/www.linkedin.com\/company\/connecting-talent-argentina\/\"]}]}<\/script>\n<!-- \/ Yoast SEO plugin. -->","yoast_head_json":{"title":"Contact - Connecting Talent","robots":{"index":"index","follow":"follow","max-snippet":"max-snippet:-1","max-image-preview":"max-image-preview:large","max-video-preview":"max-video-preview:-1"},"canonical":"https:\/\/connectingtalent.co\/ct\/contact\/","og_locale":"es_ES","og_type":"article","og_title":"Contact - Connecting Talent","og_description":"+54 9 351 5123645 Contactanos por Whatsapp +54 9 351 3552009 Contactanos por Whatsapp rrhh@connectingtalent.co Puedes enviarnos un e-mail LinkedIN Tambi\u00e9n estamos por ac\u00e1 Servicio de Inter\u00e9s &#8212;Por favor, elige una opci\u00f3n&#8212;Gesti\u00f3n integral de RRHHB\u00fasquedasHerramientas de desarrolloWellnessOtros Soy: &#8212;Por favor, elige una opci\u00f3n&#8212;Empresa \/ EmprendimientoCandidato (b\u00fasqueda laboral) Nombre de la Empresa: Nombre y Apellido Correo...","og_url":"https:\/\/connectingtalent.co\/ct\/contact\/","og_site_name":"Connecting Talent","article_modified_time":"2023-12-14T14:59:50+00:00","twitter_card":"summary_large_image","twitter_misc":{"Tiempo de lectura":"1 minuto"},"schema":{"@context":"https:\/\/schema.org","@graph":[{"@type":"WebPage","@id":"https:\/\/connectingtalent.co\/ct\/contact\/","url":"https:\/\/connectingtalent.co\/ct\/contact\/","name":"Contact - Connecting Talent","isPartOf":{"@id":"https:\/\/connectingtalent.co\/ct\/#website"},"datePublished":"2023-12-01T08:03:10+00:00","dateModified":"2023-12-14T14:59:50+00:00","inLanguage":"es","potentialAction":[{"@type":"ReadAction","target":["https:\/\/connectingtalent.co\/ct\/contact\/"]}]},{"@type":"WebSite","@id":"https:\/\/connectingtalent.co\/ct\/#website","url":"https:\/\/connectingtalent.co\/ct\/","name":"Connecting Talent","description":"Te estamos buscando","publisher":{"@id":"https:\/\/connectingtalent.co\/ct\/#organization"},"potentialAction":[{"@type":"SearchAction","target":{"@type":"EntryPoint","urlTemplate":"https:\/\/connectingtalent.co\/ct\/?s={search_term_string}"},"query-input":{"@type":"PropertyValueSpecification","valueRequired":true,"valueName":"search_term_string"}}],"inLanguage":"es"},{"@type":"Organization","@id":"https:\/\/connectingtalent.co\/ct\/#organization","name":"Connecting Talent","url":"https:\/\/connectingtalent.co\/ct\/","logo":{"@type":"ImageObject","inLanguage":"es","@id":"https:\/\/connectingtalent.co\/ct\/#\/schema\/logo\/image\/","url":"https:\/\/connectingtalent.co\/ct\/wp-content\/uploads\/2021\/03\/logo-02-png.png","contentUrl":"https:\/\/connectingtalent.co\/ct\/wp-content\/uploads\/2021\/03\/logo-02-png.png","width":1184,"height":448,"caption":"Connecting Talent"},"image":{"@id":"https:\/\/connectingtalent.co\/ct\/#\/schema\/logo\/image\/"},"sameAs":["https:\/\/www.linkedin.com\/company\/connecting-talent-argentina\/"]}]}},"_links":{"self":[{"href":"https:\/\/connectingtalent.co\/ct\/wp-json\/wp\/v2\/pages\/1453","targetHints":{"allow":["GET"]}}],"collection":[{"href":"https:\/\/connectingtalent.co\/ct\/wp-json\/wp\/v2\/pages"}],"about":[{"href":"https:\/\/connectingtalent.co\/ct\/wp-json\/wp\/v2\/types\/page"}],"author":[{"embeddable":true,"href":"https:\/\/connectingtalent.co\/ct\/wp-json\/wp\/v2\/users\/2"}],"replies":[{"embeddable":true,"href":"https:\/\/connectingtalent.co\/ct\/wp-json\/wp\/v2\/comments?post=1453"}],"version-history":[{"count":7,"href":"https:\/\/connectingtalent.co\/ct\/wp-json\/wp\/v2\/pages\/1453\/revisions"}],"predecessor-version":[{"id":1676,"href":"https:\/\/connectingtalent.co\/ct\/wp-json\/wp\/v2\/pages\/1453\/revisions\/1676"}],"wp:attachment":[{"href":"https:\/\/connectingtalent.co\/ct\/wp-json\/wp\/v2\/media?parent=1453"}],"curies":[{"name":"wp","href":"https:\/\/api.w.org\/{rel}","templated":true}]}}